{"id":1647,"date":"2024-12-01T23:19:12","date_gmt":"2024-12-02T04:19:12","guid":{"rendered":"https:\/\/aavperspective.com\/?page_id=1647"},"modified":"2024-12-01T23:48:38","modified_gmt":"2024-12-02T04:48:38","slug":"devenir-membre","status":"publish","type":"page","link":"https:\/\/aavperspective.com\/en\/devenir-membre\/","title":{"rendered":"BECOME A MEMBER"},"content":{"rendered":"\t\t<div data-elementor-type=\"wp-page\" data-elementor-id=\"1647\" class=\"elementor elementor-1647\" data-elementor-post-type=\"page\">\n\t\t\t\t<div class=\"elementor-element elementor-element-956f361 e-flex e-con-boxed e-con e-parent\" data-id=\"956f361\" data-element_type=\"container\" data-e-type=\"container\">\n\t\t\t\t\t<div class=\"e-con-inner\">\n\t\t\t\t<div class=\"elementor-element elementor-element-d3bcc0c elementor-widget elementor-widget-heading\" data-id=\"d3bcc0c\" data-element_type=\"widget\" data-e-type=\"widget\" data-widget_type=\"heading.default\">\n\t\t\t\t<div class=\"elementor-widget-container\">\n\t\t\t\t\t<h2 class=\"elementor-heading-title elementor-size-default\">Devenir membre<\/h2>\t\t\t\t<\/div>\n\t\t\t\t<\/div>\n\t\t\t\t<div class=\"elementor-element elementor-element-916a82a elementor-widget elementor-widget-text-editor\" data-id=\"916a82a\" data-element_type=\"widget\" data-e-type=\"widget\" data-widget_type=\"text-editor.default\">\n\t\t\t\t<div class=\"elementor-widget-container\">\n\t\t\t\t\t\t\t\t\t<p><strong>Pourquoi devenir membre d&rsquo;AAVP ?<\/strong><br \/>Rejoindre AAVP, c&rsquo;est int\u00e9grer une communaut\u00e9 engag\u00e9e pour le d\u00e9veloppement et la mise en valeur de l&rsquo;Anse-\u00e0-Veau. En devenant membre, vous contribuez activement \u00e0 des initiatives locales, acc\u00e9dez \u00e0 des ressources exclusives et participez \u00e0 fa\u00e7onner un avenir meilleur pour notre r\u00e9gion. Ensemble, faisons la diff\u00e9rence !<\/p>\t\t\t\t\t\t\t\t<\/div>\n\t\t\t\t<\/div>\n\t\t\t\t\t<\/div>\n\t\t\t\t<\/div>\n\t\t<div class=\"elementor-element elementor-element-e7075f4 e-flex e-con-boxed e-con e-parent\" data-id=\"e7075f4\" data-element_type=\"container\" data-e-type=\"container\">\n\t\t\t\t\t<div class=\"e-con-inner\">\n\t\t\t\t<div class=\"elementor-element elementor-element-c91d975 elementor-widget elementor-widget-wpforms\" data-id=\"c91d975\" data-element_type=\"widget\" data-e-type=\"widget\" data-widget_type=\"wpforms.default\">\n\t\t\t\t<div class=\"elementor-widget-container\">\n\t\t\t\t\t<div class=\"wpforms-container wpforms-container-full wpforms-stripe wpforms-render-modern\" id=\"wpforms-1653\"><form id=\"wpforms-form-1653\" class=\"wpforms-validate wpforms-form wpforms-ajax-form\" data-formid=\"1653\" method=\"post\" enctype=\"multipart\/form-data\" action=\"\/en\/wp-json\/wp\/v2\/pages\/1647\" data-token=\"b00b842b42e287237365167c8ccafe80\" data-token-time=\"1776945690\"><noscript class=\"wpforms-error-noscript\">Please enable JavaScript in your browser to complete this form.<\/noscript><div id=\"wpforms-error-noscript\" style=\"display: none;\">Please enable JavaScript in your browser to complete this form.<\/div><div class=\"wpforms-field-container\"><div id=\"wpforms-1653-field_0-container\" class=\"wpforms-field wpforms-field-name\" data-field-id=\"0\"><fieldset><legend class=\"wpforms-field-label\">Name <span class=\"wpforms-required-label\" aria-hidden=\"true\">*<\/span><\/legend><div class=\"wpforms-field-row wpforms-field-medium\"><div class=\"wpforms-field-row-block wpforms-first wpforms-one-half\"><input type=\"text\" id=\"wpforms-1653-field_0\" class=\"wpforms-field-name-first wpforms-field-required\" name=\"wpforms[fields][0][first]\" aria-errormessage=\"wpforms-1653-field_0-error\" required><label for=\"wpforms-1653-field_0\" class=\"wpforms-field-sublabel after\">First<\/label><\/div><div class=\"wpforms-field-row-block wpforms-one-half\"><input type=\"text\" id=\"wpforms-1653-field_0-last\" class=\"wpforms-field-name-last wpforms-field-required\" name=\"wpforms[fields][0][last]\" aria-errormessage=\"wpforms-1653-field_0-last-error\" required><label for=\"wpforms-1653-field_0-last\" class=\"wpforms-field-sublabel after\">Last<\/label><\/div><\/div><\/fieldset><\/div><div id=\"wpforms-1653-field_1-container\" class=\"wpforms-field wpforms-field-email\" data-field-id=\"1\"><fieldset><legend class=\"wpforms-field-label\">Email <span class=\"wpforms-required-label\" aria-hidden=\"true\">*<\/span><\/legend><div class=\"wpforms-field-row wpforms-field-medium\"><div class=\"wpforms-field-row-block wpforms-one-half wpforms-first\"><input type=\"email\" id=\"wpforms-1653-field_1\" class=\"wpforms-field-required wpforms-field-email-primary\" name=\"wpforms[fields][1][primary]\" spellcheck=\"false\" aria-errormessage=\"wpforms-1653-field_1-error\" required><label for=\"wpforms-1653-field_1\" class=\"wpforms-field-sublabel after\">Email<\/label><\/div><div class=\"wpforms-field-row-block wpforms-one-half\"><input type=\"email\" id=\"wpforms-1653-field_1-secondary\" class=\"wpforms-field-email-secondary wpforms-field-required\" data-rule-confirm=\"#wpforms-1653-field_1\" name=\"wpforms[fields][1][secondary]\" spellcheck=\"false\" aria-errormessage=\"wpforms-1653-field_1-secondary-error\" required><label for=\"wpforms-1653-field_1-secondary\" class=\"wpforms-field-sublabel after\">Confirm Email<\/label><\/div><\/div><\/fieldset><\/div><div id=\"wpforms-1653-field_8-container\" class=\"wpforms-field wpforms-field-email\" data-field-id=\"8\"><label class=\"wpforms-field-label\" for=\"wpforms-1653-field_8\">Votre adresse <span class=\"wpforms-required-label\" aria-hidden=\"true\">*<\/span><\/label><input type=\"email\" id=\"wpforms-1653-field_8\" class=\"wpforms-field-medium wpforms-field-required\" name=\"wpforms[fields][8]\" spellcheck=\"false\" aria-errormessage=\"wpforms-1653-field_8-error\" required><\/div><div id=\"wpforms-1653-field_7-container\" class=\"wpforms-field wpforms-field-text\" data-field-id=\"7\"><label class=\"wpforms-field-label\" for=\"wpforms-1653-field_7\">Num\u00e9ro de t\u00e9l\u00e9phone <span class=\"wpforms-required-label\" aria-hidden=\"true\">*<\/span><\/label><input type=\"text\" id=\"wpforms-1653-field_7\" class=\"wpforms-field-medium wpforms-field-required\" name=\"wpforms[fields][7]\" aria-errormessage=\"wpforms-1653-field_7-error\" required><\/div>\t\t<div id=\"wpforms-1653-field_2-container\"\n\t\t\tclass=\"wpforms-field wpforms-field-text\"\n\t\t\tdata-field-type=\"text\"\n\t\t\tdata-field-id=\"2\"\n\t\t\t>\n\t\t\t<label class=\"wpforms-field-label\" for=\"wpforms-1653-field_2\" >membre Name Total<\/label>\n\t\t\t<input type=\"text\" id=\"wpforms-1653-field_2\" class=\"wpforms-field-medium\" name=\"wpforms[fields][2]\" >\n\t\t<\/div>\n\t\t<div id=\"wpforms-1653-field_6-container\" class=\"wpforms-field wpforms-field-stripe-credit-card\" data-field-id=\"6\"><label class=\"wpforms-field-label\">Stripe Credit Card <span class=\"wpforms-required-label\" aria-hidden=\"true\">*<\/span><\/label><div class=\"wpforms-field-row wpforms-no-columns wpforms-field-medium \" data-sublabel-position=\"above\" data-link-email=\"\" data-required=\"1\"><div id=\"wpforms-field-stripe-link-element-1653\"><\/div><div id=\"wpforms-field-stripe-payment-element-1653\"><\/div><input type=\"text\" class=\"wpforms-stripe-credit-card-hidden-input\" name=\"wpforms[stripe-credit-card-hidden-input-1653]\" disabled style=\"display: none;\"><\/div><\/div><div id=\"wpforms-1653-field_3-container\" class=\"wpforms-field wpforms-field-payment-multiple\" data-field-id=\"3\"><fieldset><legend class=\"wpforms-field-label\">Devenir membre pour 1 an <span class=\"wpforms-required-label\" aria-hidden=\"true\">*<\/span><\/legend><ul id=\"wpforms-1653-field_3\" class=\"wpforms-field-required\"><li class=\"choice-3\"><input type=\"radio\" id=\"wpforms-1653-field_3_3\" class=\"wpforms-payment-price\" data-amount=\"50.00\" name=\"wpforms[fields][3]\" value=\"3\" aria-errormessage=\"wpforms-1653-field_3_3-error\" required ><label class=\"wpforms-field-label-inline\" for=\"wpforms-1653-field_3_3\">Montant - <span class=\"wpforms-currency-symbol\">&#036;50.00<\/span><\/label><\/li><\/ul><\/fieldset><\/div><div id=\"wpforms-1653-field_4-container\" class=\"wpforms-field wpforms-field-payment-total wpforms-field-medium\" data-field-id=\"4\"><label class=\"wpforms-field-label\">Total<\/label><div class=\"wpforms-payment-total\" style=\"\">&#036;0.00<\/div><input type=\"hidden\" id=\"wpforms-1653-field_4\" class=\"wpforms-field-medium wpforms-payment-total\" name=\"wpforms[fields][4]\" value=\"0\"><\/div><script>\n\t\t\t\t( function() {\n\t\t\t\t\tconst style = document.createElement( 'style' );\n\t\t\t\t\tstyle.appendChild( document.createTextNode( '#wpforms-1653-field_2-container { position: absolute !important; overflow: hidden !important; display: inline !important; height: 1px !important; width: 1px !important; z-index: -1000 !important; padding: 0 !important; } #wpforms-1653-field_2-container input { visibility: hidden; } #wpforms-conversational-form-page #wpforms-1653-field_2-container label { counter-increment: none; }' ) );\n\t\t\t\t\tdocument.head.appendChild( style );\n\t\t\t\t\tdocument.currentScript?.remove();\n\t\t\t\t} )();\n\t\t\t<\/script><\/div><!-- .wpforms-field-container --><div class=\"wpforms-recaptcha-container wpforms-is-recaptcha wpforms-is-recaptcha-type-v3\" ><input type=\"hidden\" name=\"wpforms[recaptcha]\" value=\"\"><\/div><div class=\"wpforms-submit-container\" ><input type=\"hidden\" name=\"wpforms[id]\" value=\"1653\"><input type=\"hidden\" name=\"page_title\" value=\"\"><input type=\"hidden\" name=\"page_url\" value=\"https:\/\/aavperspective.com\/en\/wp-json\/wp\/v2\/pages\/1647\"><input type=\"hidden\" name=\"url_referer\" value=\"\"><button type=\"submit\" name=\"wpforms[submit]\" id=\"wpforms-submit-1653\" class=\"wpforms-submit\" data-alt-text=\"Sending...\" data-submit-text=\"Soumettre\" aria-live=\"assertive\" value=\"wpforms-submit\">Soumettre<\/button><img decoding=\"async\" src=\"https:\/\/aavperspective.com\/wp-content\/plugins\/wpforms-lite\/assets\/images\/submit-spin.svg\" class=\"wpforms-submit-spinner\" style=\"display: none;\" width=\"26\" height=\"26\" alt=\"Loading\"><\/div><\/form><\/div>  <!-- .wpforms-container -->\t\t\t\t<\/div>\n\t\t\t\t<\/div>\n\t\t\t\t\t<\/div>\n\t\t\t\t<\/div>\n\t\t\t\t<\/div>\n\t\t","protected":false},"excerpt":{"rendered":"<p>Devenir membre Pourquoi devenir membre d&rsquo;AAVP ?Rejoindre AAVP, c&rsquo;est int\u00e9grer une communaut\u00e9 engag\u00e9e pour le d\u00e9veloppement et la mise en valeur de l&rsquo;Anse-\u00e0-Veau. En devenant membre, vous contribuez activement \u00e0 des initiatives locales, acc\u00e9dez \u00e0 des ressources exclusives et participez \u00e0 fa\u00e7onner un avenir meilleur pour notre r\u00e9gion. Ensemble, faisons la diff\u00e9rence ! Veuillez activer [&hellip;]<\/p>\n","protected":false},"author":1,"featured_media":0,"parent":0,"menu_order":0,"comment_status":"closed","ping_status":"closed","template":"","meta":{"footnotes":""},"class_list":["post-1647","page","type-page","status-publish","hentry"],"yoast_head":"<!-- This site is optimized with the Yoast SEO plugin v27.1.1 - https:\/\/yoast.com\/product\/yoast-seo-wordpress\/ -->\n<title>DEVENIR MEMBRE - Anse-\u00e0-Veau Perspectives<\/title>\n<meta name=\"robots\" content=\"index, follow, max-snippet:-1, max-image-preview:large, max-video-preview:-1\" \/>\n<link rel=\"canonical\" href=\"https:\/\/aavperspective.com\/en\/devenir-membre\/\" \/>\n<meta property=\"og:locale\" content=\"en_US\" \/>\n<meta property=\"og:type\" content=\"article\" \/>\n<meta property=\"og:title\" content=\"DEVENIR MEMBRE - Anse-\u00e0-Veau Perspectives\" \/>\n<meta property=\"og:description\" content=\"Devenir membre Pourquoi devenir membre d&rsquo;AAVP ?Rejoindre AAVP, c&rsquo;est int\u00e9grer une communaut\u00e9 engag\u00e9e pour le d\u00e9veloppement et la mise en valeur de l&rsquo;Anse-\u00e0-Veau. En devenant membre, vous contribuez activement \u00e0 des initiatives locales, acc\u00e9dez \u00e0 des ressources exclusives et participez \u00e0 fa\u00e7onner un avenir meilleur pour notre r\u00e9gion. Ensemble, faisons la diff\u00e9rence ! Veuillez activer [&hellip;]\" \/>\n<meta property=\"og:url\" content=\"https:\/\/aavperspective.com\/en\/devenir-membre\/\" \/>\n<meta property=\"og:site_name\" content=\"Anse-\u00e0-Veau Perspectives\" \/>\n<meta property=\"article:modified_time\" content=\"2024-12-02T04:48:38+00:00\" \/>\n<meta property=\"og:image\" content=\"https:\/\/aavperspective.com\/wp-content\/plugins\/wpforms-lite\/assets\/images\/submit-spin.svg\" \/>\n<meta name=\"twitter:card\" content=\"summary_large_image\" \/>\n<meta name=\"twitter:label1\" content=\"Est. reading time\" \/>\n\t<meta name=\"twitter:data1\" content=\"1 minute\" \/>\n<script type=\"application\/ld+json\" class=\"yoast-schema-graph\">{\"@context\":\"https:\/\/schema.org\",\"@graph\":[{\"@type\":\"WebPage\",\"@id\":\"https:\/\/aavperspective.com\/devenir-membre\/\",\"url\":\"https:\/\/aavperspective.com\/devenir-membre\/\",\"name\":\"DEVENIR MEMBRE - Anse-\u00e0-Veau Perspectives\",\"isPartOf\":{\"@id\":\"https:\/\/aavperspective.com\/#website\"},\"primaryImageOfPage\":{\"@id\":\"https:\/\/aavperspective.com\/devenir-membre\/#primaryimage\"},\"image\":{\"@id\":\"https:\/\/aavperspective.com\/devenir-membre\/#primaryimage\"},\"thumbnailUrl\":\"https:\/\/aavperspective.com\/wp-content\/plugins\/wpforms-lite\/assets\/images\/submit-spin.svg\",\"datePublished\":\"2024-12-02T04:19:12+00:00\",\"dateModified\":\"2024-12-02T04:48:38+00:00\",\"breadcrumb\":{\"@id\":\"https:\/\/aavperspective.com\/devenir-membre\/#breadcrumb\"},\"inLanguage\":\"en-US\",\"potentialAction\":[{\"@type\":\"ReadAction\",\"target\":[\"https:\/\/aavperspective.com\/devenir-membre\/\"]}]},{\"@type\":\"ImageObject\",\"inLanguage\":\"en-US\",\"@id\":\"https:\/\/aavperspective.com\/devenir-membre\/#primaryimage\",\"url\":\"https:\/\/aavperspective.com\/wp-content\/plugins\/wpforms-lite\/assets\/images\/submit-spin.svg\",\"contentUrl\":\"https:\/\/aavperspective.com\/wp-content\/plugins\/wpforms-lite\/assets\/images\/submit-spin.svg\"},{\"@type\":\"BreadcrumbList\",\"@id\":\"https:\/\/aavperspective.com\/devenir-membre\/#breadcrumb\",\"itemListElement\":[{\"@type\":\"ListItem\",\"position\":1,\"name\":\"Accueil\",\"item\":\"https:\/\/aavperspective.com\/\"},{\"@type\":\"ListItem\",\"position\":2,\"name\":\"DEVENIR MEMBRE\"}]},{\"@type\":\"WebSite\",\"@id\":\"https:\/\/aavperspective.com\/#website\",\"url\":\"https:\/\/aavperspective.com\/\",\"name\":\"Anse-\u00e0-Veau Perspectives\",\"description\":\"\",\"publisher\":{\"@id\":\"https:\/\/aavperspective.com\/#organization\"},\"potentialAction\":[{\"@type\":\"SearchAction\",\"target\":{\"@type\":\"EntryPoint\",\"urlTemplate\":\"https:\/\/aavperspective.com\/?s={search_term_string}\"},\"query-input\":{\"@type\":\"PropertyValueSpecification\",\"valueRequired\":true,\"valueName\":\"search_term_string\"}}],\"inLanguage\":\"en-US\"},{\"@type\":\"Organization\",\"@id\":\"https:\/\/aavperspective.com\/#organization\",\"name\":\"Anse-\u00e0-Veau Perspectives\",\"url\":\"https:\/\/aavperspective.com\/\",\"logo\":{\"@type\":\"ImageObject\",\"inLanguage\":\"en-US\",\"@id\":\"https:\/\/aavperspective.com\/#\/schema\/logo\/image\/\",\"url\":\"https:\/\/aavperspective.com\/wp-content\/uploads\/2024\/02\/logo.png\",\"contentUrl\":\"https:\/\/aavperspective.com\/wp-content\/uploads\/2024\/02\/logo.png\",\"width\":5270,\"height\":2342,\"caption\":\"Anse-\u00e0-Veau Perspectives\"},\"image\":{\"@id\":\"https:\/\/aavperspective.com\/#\/schema\/logo\/image\/\"}}]}<\/script>\n<!-- \/ Yoast SEO plugin. -->","yoast_head_json":{"title":"DEVENIR MEMBRE - Anse-\u00e0-Veau Perspectives","robots":{"index":"index","follow":"follow","max-snippet":"max-snippet:-1","max-image-preview":"max-image-preview:large","max-video-preview":"max-video-preview:-1"},"canonical":"https:\/\/aavperspective.com\/en\/devenir-membre\/","og_locale":"en_US","og_type":"article","og_title":"DEVENIR MEMBRE - Anse-\u00e0-Veau Perspectives","og_description":"Devenir membre Pourquoi devenir membre d&rsquo;AAVP ?Rejoindre AAVP, c&rsquo;est int\u00e9grer une communaut\u00e9 engag\u00e9e pour le d\u00e9veloppement et la mise en valeur de l&rsquo;Anse-\u00e0-Veau. En devenant membre, vous contribuez activement \u00e0 des initiatives locales, acc\u00e9dez \u00e0 des ressources exclusives et participez \u00e0 fa\u00e7onner un avenir meilleur pour notre r\u00e9gion. Ensemble, faisons la diff\u00e9rence ! Veuillez activer [&hellip;]","og_url":"https:\/\/aavperspective.com\/en\/devenir-membre\/","og_site_name":"Anse-\u00e0-Veau Perspectives","article_modified_time":"2024-12-02T04:48:38+00:00","og_image":[{"url":"https:\/\/aavperspective.com\/wp-content\/plugins\/wpforms-lite\/assets\/images\/submit-spin.svg","type":"","width":"","height":""}],"twitter_card":"summary_large_image","twitter_misc":{"Est. reading time":"1 minute"},"schema":{"@context":"https:\/\/schema.org","@graph":[{"@type":"WebPage","@id":"https:\/\/aavperspective.com\/devenir-membre\/","url":"https:\/\/aavperspective.com\/devenir-membre\/","name":"DEVENIR MEMBRE - Anse-\u00e0-Veau Perspectives","isPartOf":{"@id":"https:\/\/aavperspective.com\/#website"},"primaryImageOfPage":{"@id":"https:\/\/aavperspective.com\/devenir-membre\/#primaryimage"},"image":{"@id":"https:\/\/aavperspective.com\/devenir-membre\/#primaryimage"},"thumbnailUrl":"https:\/\/aavperspective.com\/wp-content\/plugins\/wpforms-lite\/assets\/images\/submit-spin.svg","datePublished":"2024-12-02T04:19:12+00:00","dateModified":"2024-12-02T04:48:38+00:00","breadcrumb":{"@id":"https:\/\/aavperspective.com\/devenir-membre\/#breadcrumb"},"inLanguage":"en-US","potentialAction":[{"@type":"ReadAction","target":["https:\/\/aavperspective.com\/devenir-membre\/"]}]},{"@type":"ImageObject","inLanguage":"en-US","@id":"https:\/\/aavperspective.com\/devenir-membre\/#primaryimage","url":"https:\/\/aavperspective.com\/wp-content\/plugins\/wpforms-lite\/assets\/images\/submit-spin.svg","contentUrl":"https:\/\/aavperspective.com\/wp-content\/plugins\/wpforms-lite\/assets\/images\/submit-spin.svg"},{"@type":"BreadcrumbList","@id":"https:\/\/aavperspective.com\/devenir-membre\/#breadcrumb","itemListElement":[{"@type":"ListItem","position":1,"name":"Accueil","item":"https:\/\/aavperspective.com\/"},{"@type":"ListItem","position":2,"name":"DEVENIR MEMBRE"}]},{"@type":"WebSite","@id":"https:\/\/aavperspective.com\/#website","url":"https:\/\/aavperspective.com\/","name":"Anse-\u00e0-Veau Perspectives","description":"","publisher":{"@id":"https:\/\/aavperspective.com\/#organization"},"potentialAction":[{"@type":"SearchAction","target":{"@type":"EntryPoint","urlTemplate":"https:\/\/aavperspective.com\/?s={search_term_string}"},"query-input":{"@type":"PropertyValueSpecification","valueRequired":true,"valueName":"search_term_string"}}],"inLanguage":"en-US"},{"@type":"Organization","@id":"https:\/\/aavperspective.com\/#organization","name":"Anse-\u00e0-Veau Perspectives","url":"https:\/\/aavperspective.com\/","logo":{"@type":"ImageObject","inLanguage":"en-US","@id":"https:\/\/aavperspective.com\/#\/schema\/logo\/image\/","url":"https:\/\/aavperspective.com\/wp-content\/uploads\/2024\/02\/logo.png","contentUrl":"https:\/\/aavperspective.com\/wp-content\/uploads\/2024\/02\/logo.png","width":5270,"height":2342,"caption":"Anse-\u00e0-Veau Perspectives"},"image":{"@id":"https:\/\/aavperspective.com\/#\/schema\/logo\/image\/"}}]}},"_links":{"self":[{"href":"https:\/\/aavperspective.com\/en\/wp-json\/wp\/v2\/pages\/1647","targetHints":{"allow":["GET"]}}],"collection":[{"href":"https:\/\/aavperspective.com\/en\/wp-json\/wp\/v2\/pages"}],"about":[{"href":"https:\/\/aavperspective.com\/en\/wp-json\/wp\/v2\/types\/page"}],"author":[{"embeddable":true,"href":"https:\/\/aavperspective.com\/en\/wp-json\/wp\/v2\/users\/1"}],"replies":[{"embeddable":true,"href":"https:\/\/aavperspective.com\/en\/wp-json\/wp\/v2\/comments?post=1647"}],"version-history":[{"count":11,"href":"https:\/\/aavperspective.com\/en\/wp-json\/wp\/v2\/pages\/1647\/revisions"}],"predecessor-version":[{"id":1666,"href":"https:\/\/aavperspective.com\/en\/wp-json\/wp\/v2\/pages\/1647\/revisions\/1666"}],"wp:attachment":[{"href":"https:\/\/aavperspective.com\/en\/wp-json\/wp\/v2\/media?parent=1647"}],"curies":[{"name":"wp","href":"https:\/\/api.w.org\/{rel}","templated":true}]}}