{"id":18,"date":"2024-02-23T06:40:19","date_gmt":"2024-02-23T05:40:19","guid":{"rendered":"https:\/\/aavperspective.com\/?page_id=18"},"modified":"2024-10-23T09:00:15","modified_gmt":"2024-10-23T13:00:15","slug":"contactez-nous","status":"publish","type":"page","link":"https:\/\/aavperspective.com\/en\/contactez-nous\/","title":{"rendered":"CONTACT US"},"content":{"rendered":"\t\t<div data-elementor-type=\"wp-page\" data-elementor-id=\"18\" class=\"elementor elementor-18\" data-elementor-post-type=\"page\">\n\t\t\t\t\t\t<section class=\"elementor-section elementor-top-section elementor-element elementor-element-2aecb55f envato-kit-141-top-0 elementor-section-boxed elementor-section-height-default elementor-section-height-default\" data-id=\"2aecb55f\" data-element_type=\"section\" data-e-type=\"section\" data-settings=\"{&quot;background_background&quot;:&quot;classic&quot;}\">\n\t\t\t\t\t\t\t<div class=\"elementor-background-overlay\"><\/div>\n\t\t\t\t\t\t\t<div class=\"elementor-container elementor-column-gap-wider\">\n\t\t\t\t\t<div class=\"elementor-column elementor-col-100 elementor-top-column elementor-element elementor-element-3f408cbe\" data-id=\"3f408cbe\" data-element_type=\"column\" data-e-type=\"column\">\n\t\t\t<div class=\"elementor-widget-wrap elementor-element-populated\">\n\t\t\t\t\t\t<div class=\"elementor-element elementor-element-705c49ed elementor-invisible elementor-widget elementor-widget-heading\" data-id=\"705c49ed\" data-element_type=\"widget\" data-e-type=\"widget\" data-settings=\"{&quot;_animation&quot;:&quot;fadeIn&quot;,&quot;_animation_delay&quot;:150}\" data-widget_type=\"heading.default\">\n\t\t\t\t<div class=\"elementor-widget-container\">\n\t\t\t\t\t<h2 class=\"elementor-heading-title elementor-size-default\">Nous aimerions avoir de vos nouvelles<\/h2>\t\t\t\t<\/div>\n\t\t\t\t<\/div>\n\t\t\t\t<div class=\"elementor-element elementor-element-f811983 elementor-invisible elementor-widget elementor-widget-heading\" data-id=\"f811983\" data-element_type=\"widget\" data-e-type=\"widget\" data-settings=\"{&quot;_animation&quot;:&quot;fadeIn&quot;,&quot;_animation_delay&quot;:100}\" data-widget_type=\"heading.default\">\n\t\t\t\t<div class=\"elementor-widget-container\">\n\t\t\t\t\t<h2 class=\"elementor-heading-title elementor-size-default\">Restez connect\u00e9<\/h2>\t\t\t\t<\/div>\n\t\t\t\t<\/div>\n\t\t\t\t<div class=\"elementor-element elementor-element-74b89784 elementor-invisible elementor-widget elementor-widget-heading\" data-id=\"74b89784\" data-element_type=\"widget\" data-e-type=\"widget\" data-settings=\"{&quot;_animation&quot;:&quot;fadeIn&quot;,&quot;_animation_delay&quot;:250}\" data-widget_type=\"heading.default\">\n\t\t\t\t<div class=\"elementor-widget-container\">\n\t\t\t\t\t<h2 class=\"elementor-heading-title elementor-size-default\">\"Restez connect\u00e9 avec nous et n'h\u00e9sitez pas \u00e0 nous \u00e9crire pour toute question ou suggestion. <br>Votre avis compte, alors contactez-nous d\u00e8s aujourd'hui!\"<\/h2>\t\t\t\t<\/div>\n\t\t\t\t<\/div>\n\t\t\t\t\t<\/div>\n\t\t<\/div>\n\t\t\t\t\t<\/div>\n\t\t<\/section>\n\t\t\t\t<section class=\"elementor-section elementor-top-section elementor-element elementor-element-72d6d4ac envato-kit-141-top-0 elementor-section-content-middle elementor-section-boxed elementor-section-height-default elementor-section-height-default\" data-id=\"72d6d4ac\" data-element_type=\"section\" data-e-type=\"section\" data-settings=\"{&quot;background_background&quot;:&quot;classic&quot;}\">\n\t\t\t\t\t\t\t<div class=\"elementor-background-overlay\"><\/div>\n\t\t\t\t\t\t\t<div class=\"elementor-container elementor-column-gap-wider\">\n\t\t\t\t\t<div class=\"elementor-column elementor-col-100 elementor-top-column elementor-element elementor-element-364204a3 envato-kit-141-newsletter-inline elementor-invisible\" data-id=\"364204a3\" data-element_type=\"column\" data-e-type=\"column\" data-settings=\"{&quot;background_background&quot;:&quot;classic&quot;,&quot;animation&quot;:&quot;pulse&quot;,&quot;animation_delay&quot;:200}\">\n\t\t\t<div class=\"elementor-widget-wrap elementor-element-populated\">\n\t\t\t\t\t\t<div class=\"elementor-element elementor-element-3ccee0d1 elementor-widget elementor-widget-heading\" data-id=\"3ccee0d1\" data-element_type=\"widget\" data-e-type=\"widget\" data-widget_type=\"heading.default\">\n\t\t\t\t<div class=\"elementor-widget-container\">\n\t\t\t\t\t<h2 class=\"elementor-heading-title elementor-size-default\">Envoyez-nous un message<\/h2>\t\t\t\t<\/div>\n\t\t\t\t<\/div>\n\t\t\t\t<div class=\"elementor-element elementor-element-3959b198 elementor-button-align-stretch elementor-widget elementor-widget-form\" data-id=\"3959b198\" data-element_type=\"widget\" data-e-type=\"widget\" data-settings=\"{&quot;step_next_label&quot;:&quot;Next&quot;,&quot;step_previous_label&quot;:&quot;Previous&quot;,&quot;step_type&quot;:&quot;number_text&quot;,&quot;step_icon_shape&quot;:&quot;circle&quot;}\" data-widget_type=\"form.default\">\n\t\t\t\t<div class=\"elementor-widget-container\">\n\t\t\t\t\t\t\t<form class=\"elementor-form\" method=\"post\" name=\"New Form\" aria-label=\"New Form\">\n\t\t\t<input type=\"hidden\" name=\"post_id\" value=\"18\"\/>\n\t\t\t<input type=\"hidden\" name=\"form_id\" value=\"3959b198\"\/>\n\t\t\t<input type=\"hidden\" name=\"referer_title\" value=\"AAVP | D\u00e9veloppement Communautaire et Projets Locaux\" \/>\n\n\t\t\t\t\t\t\t<input type=\"hidden\" name=\"queried_id\" value=\"18\"\/>\n\t\t\t\n\t\t\t<div class=\"elementor-form-fields-wrapper elementor-labels-above\">\n\t\t\t\t\t\t\t\t<div class=\"elementor-field-type-text elementor-field-group elementor-column elementor-field-group-email elementor-col-100 elementor-field-required\">\n\t\t\t\t\t\t\t\t\t\t\t\t\t<input size=\"1\" type=\"text\" name=\"form_fields[email]\" id=\"form-field-email\" class=\"elementor-field elementor-size-md  elementor-field-textual\" placeholder=\"Votre nom\" required=\"required\">\n\t\t\t\t\t\t\t\t\t\t\t<\/div>\n\t\t\t\t\t\t\t\t<div class=\"elementor-field-type-email elementor-field-group elementor-column elementor-field-group-6850d19 elementor-col-100 elementor-field-required\">\n\t\t\t\t\t\t\t\t\t\t\t\t\t<input size=\"1\" type=\"email\" name=\"form_fields[6850d19]\" id=\"form-field-6850d19\" class=\"elementor-field elementor-size-md  elementor-field-textual\" placeholder=\"info@aavperspective.com\" required=\"required\">\n\t\t\t\t\t\t\t\t\t\t\t<\/div>\n\t\t\t\t\t\t\t\t<div class=\"elementor-field-type-url elementor-field-group elementor-column elementor-field-group-f9f57ad elementor-col-100\">\n\t\t\t\t\t\t\t\t\t\t\t\t\t<input size=\"1\" type=\"url\" name=\"form_fields[f9f57ad]\" id=\"form-field-f9f57ad\" class=\"elementor-field elementor-size-md  elementor-field-textual\" placeholder=\"http:\/\/aavperspective.com\">\n\t\t\t\t\t\t\t\t\t\t\t<\/div>\n\t\t\t\t\t\t\t\t<div class=\"elementor-field-type-textarea elementor-field-group elementor-column elementor-field-group-da6d553 elementor-col-100\">\n\t\t\t\t\t<textarea class=\"elementor-field-textual elementor-field  elementor-size-md\" name=\"form_fields[da6d553]\" id=\"form-field-da6d553\" rows=\"4\" placeholder=\"Message\"><\/textarea>\t\t\t\t<\/div>\n\t\t\t\t\t\t\t\t<div class=\"elementor-field-type-recaptcha_v3 elementor-field-group elementor-column elementor-field-group-field_cab7b8d elementor-col-100 recaptcha_v3-bottomright\">\n\t\t\t\t\t<div class=\"elementor-field\" id=\"form-field-field_cab7b8d\"><div class=\"elementor-g-recaptcha\" data-sitekey=\"6Lei3jIqAAAAAHNuDnSbHODfU0MWqkOa59-JSH0S\" data-type=\"v3\" data-action=\"Form\" data-badge=\"bottomright\" data-size=\"invisible\"><\/div><\/div>\t\t\t\t<\/div>\n\t\t\t\t\t\t\t\t<div class=\"elementor-field-group elementor-column elementor-field-type-submit elementor-col-100 e-form__buttons\">\n\t\t\t\t\t<button class=\"elementor-button elementor-size-md\" type=\"submit\">\n\t\t\t\t\t\t<span class=\"elementor-button-content-wrapper\">\n\t\t\t\t\t\t\t\t\t\t\t\t\t\t\t\t\t\t\t\t\t\t<span class=\"elementor-button-text\">Envoyer un message<\/span>\n\t\t\t\t\t\t\t\t\t\t\t\t\t<\/span>\n\t\t\t\t\t<\/button>\n\t\t\t\t<\/div>\n\t\t\t<\/div>\n\t\t<\/form>\n\t\t\t\t\t\t<\/div>\n\t\t\t\t<\/div>\n\t\t\t\t\t<\/div>\n\t\t<\/div>\n\t\t\t\t\t<\/div>\n\t\t<\/section>\n\t\t\t\t<section class=\"elementor-section elementor-top-section elementor-element elementor-element-39f8757 elementor-section-boxed elementor-section-height-default elementor-section-height-default\" data-id=\"39f8757\" data-element_type=\"section\" data-e-type=\"section\" data-settings=\"{&quot;background_background&quot;:&quot;classic&quot;}\">\n\t\t\t\t\t\t<div class=\"elementor-container elementor-column-gap-default\">\n\t\t\t\t\t<div class=\"elementor-column elementor-col-100 elementor-top-column elementor-element elementor-element-f405d5d\" data-id=\"f405d5d\" data-element_type=\"column\" data-e-type=\"column\">\n\t\t\t<div class=\"elementor-widget-wrap elementor-element-populated\">\n\t\t\t\t\t\t<div class=\"elementor-element elementor-element-1eb37ba elementor-invisible elementor-widget elementor-widget-text-editor\" data-id=\"1eb37ba\" data-element_type=\"widget\" data-e-type=\"widget\" data-settings=\"{&quot;_animation&quot;:&quot;fadeInUp&quot;}\" data-widget_type=\"text-editor.default\">\n\t\t\t\t<div class=\"elementor-widget-container\">\n\t\t\t\t\t\t\t\t\t<h2>Soutenez notre cause<\/h2>\t\t\t\t\t\t\t\t<\/div>\n\t\t\t\t<\/div>\n\t\t\t\t<div class=\"elementor-element elementor-element-5d574d6 elementor-invisible elementor-widget elementor-widget-heading\" data-id=\"5d574d6\" data-element_type=\"widget\" data-e-type=\"widget\" data-settings=\"{&quot;_animation&quot;:&quot;fadeInUp&quot;,&quot;_animation_delay&quot;:200}\" data-widget_type=\"heading.default\">\n\t\t\t\t<div class=\"elementor-widget-container\">\n\t\t\t\t\t<h4 class=\"elementor-heading-title elementor-size-default\">Aidez notre organisation en faisant un don aujourd'hui ! Les dons servent \u00e0 faire une diff\u00e9rence pour notre cause.<\/h4>\t\t\t\t<\/div>\n\t\t\t\t<\/div>\n\t\t\t\t<div class=\"elementor-element elementor-element-47331e0 elementor-align-center elementor-mobile-align-center elementor-invisible elementor-widget elementor-widget-button\" data-id=\"47331e0\" data-element_type=\"widget\" data-e-type=\"widget\" data-settings=\"{&quot;_animation&quot;:&quot;fadeInUp&quot;,&quot;_animation_delay&quot;:700}\" data-widget_type=\"button.default\">\n\t\t\t\t<div class=\"elementor-widget-container\">\n\t\t\t\t\t\t\t\t\t<div class=\"elementor-button-wrapper\">\n\t\t\t\t\t<a class=\"elementor-button elementor-button-link elementor-size-sm\" href=\"https:\/\/aavperspective.com\/faire-un-don\/\">\n\t\t\t\t\t\t<span class=\"elementor-button-content-wrapper\">\n\t\t\t\t\t\t\t\t\t<span class=\"elementor-button-text\">FAIRE UN DON<\/span>\n\t\t\t\t\t<\/span>\n\t\t\t\t\t<\/a>\n\t\t\t\t<\/div>\n\t\t\t\t\t\t\t\t<\/div>\n\t\t\t\t<\/div>\n\t\t\t\t\t<\/div>\n\t\t<\/div>\n\t\t\t\t\t<\/div>\n\t\t<\/section>\n\t\t\t\t<\/div>\n\t\t","protected":false},"excerpt":{"rendered":"<p>Nous aimerions avoir de vos nouvelles Restez connect\u00e9 \u00ab\u00a0Restez connect\u00e9 avec nous et n&rsquo;h\u00e9sitez pas \u00e0 nous \u00e9crire pour toute question ou suggestion. Votre avis compte, alors contactez-nous d\u00e8s aujourd&rsquo;hui!\u00a0\u00bb Envoyez-nous un message Soutenez notre cause Aidez notre organisation en faisant un don aujourd&rsquo;hui ! Les dons servent \u00e0 faire une diff\u00e9rence pour notre cause. [&hellip;]<\/p>\n","protected":false},"author":1,"featured_media":0,"parent":0,"menu_order":0,"comment_status":"closed","ping_status":"closed","template":"","meta":{"footnotes":""},"class_list":["post-18","page","type-page","status-publish","hentry"],"yoast_head":"<!-- This site is optimized with the Yoast SEO plugin v27.1.1 - https:\/\/yoast.com\/product\/yoast-seo-wordpress\/ -->\n<title>AAVP | D\u00e9veloppement Communautaire et Projets Locaux<\/title>\n<meta name=\"description\" content=\"Anse-\u00e0-Veau Perspectives (AAVP) : Promouvoir le d\u00e9veloppement et am\u00e9liorer la qualit\u00e9 de vie \u00e0 Anse-\u00e0-Veau et ses environs.\" \/>\n<meta name=\"robots\" content=\"index, follow, max-snippet:-1, max-image-preview:large, max-video-preview:-1\" \/>\n<link rel=\"canonical\" href=\"https:\/\/aavperspective.com\/en\/contactez-nous\/\" \/>\n<meta property=\"og:locale\" content=\"en_US\" \/>\n<meta property=\"og:type\" content=\"article\" \/>\n<meta property=\"og:title\" content=\"AAVP | D\u00e9veloppement Communautaire et Projets Locaux\" \/>\n<meta property=\"og:description\" content=\"Anse-\u00e0-Veau Perspectives (AAVP) : Promouvoir le d\u00e9veloppement et am\u00e9liorer la qualit\u00e9 de vie \u00e0 Anse-\u00e0-Veau et ses environs.\" \/>\n<meta property=\"og:url\" content=\"https:\/\/aavperspective.com\/en\/contactez-nous\/\" \/>\n<meta property=\"og:site_name\" content=\"Anse-\u00e0-Veau Perspectives\" \/>\n<meta property=\"article:modified_time\" content=\"2024-10-23T13:00:15+00:00\" \/>\n<meta name=\"twitter:card\" content=\"summary_large_image\" \/>\n<meta name=\"twitter:label1\" content=\"Est. reading time\" \/>\n\t<meta name=\"twitter:data1\" content=\"1 minute\" \/>\n<script type=\"application\/ld+json\" class=\"yoast-schema-graph\">{\"@context\":\"https:\/\/schema.org\",\"@graph\":[{\"@type\":\"WebPage\",\"@id\":\"https:\/\/aavperspective.com\/contactez-nous\/\",\"url\":\"https:\/\/aavperspective.com\/contactez-nous\/\",\"name\":\"AAVP | D\u00e9veloppement Communautaire et Projets Locaux\",\"isPartOf\":{\"@id\":\"https:\/\/aavperspective.com\/#website\"},\"datePublished\":\"2024-02-23T05:40:19+00:00\",\"dateModified\":\"2024-10-23T13:00:15+00:00\",\"description\":\"Anse-\u00e0-Veau Perspectives (AAVP) : Promouvoir le d\u00e9veloppement et am\u00e9liorer la qualit\u00e9 de vie \u00e0 Anse-\u00e0-Veau et ses environs.\",\"breadcrumb\":{\"@id\":\"https:\/\/aavperspective.com\/contactez-nous\/#breadcrumb\"},\"inLanguage\":\"en-US\",\"potentialAction\":[{\"@type\":\"ReadAction\",\"target\":[\"https:\/\/aavperspective.com\/contactez-nous\/\"]}]},{\"@type\":\"BreadcrumbList\",\"@id\":\"https:\/\/aavperspective.com\/contactez-nous\/#breadcrumb\",\"itemListElement\":[{\"@type\":\"ListItem\",\"position\":1,\"name\":\"Accueil\",\"item\":\"https:\/\/aavperspective.com\/\"},{\"@type\":\"ListItem\",\"position\":2,\"name\":\"CONTACTEZ-NOUS\"}]},{\"@type\":\"WebSite\",\"@id\":\"https:\/\/aavperspective.com\/#website\",\"url\":\"https:\/\/aavperspective.com\/\",\"name\":\"Anse-\u00e0-Veau Perspectives\",\"description\":\"\",\"publisher\":{\"@id\":\"https:\/\/aavperspective.com\/#organization\"},\"potentialAction\":[{\"@type\":\"SearchAction\",\"target\":{\"@type\":\"EntryPoint\",\"urlTemplate\":\"https:\/\/aavperspective.com\/?s={search_term_string}\"},\"query-input\":{\"@type\":\"PropertyValueSpecification\",\"valueRequired\":true,\"valueName\":\"search_term_string\"}}],\"inLanguage\":\"en-US\"},{\"@type\":\"Organization\",\"@id\":\"https:\/\/aavperspective.com\/#organization\",\"name\":\"Anse-\u00e0-Veau Perspectives\",\"url\":\"https:\/\/aavperspective.com\/\",\"logo\":{\"@type\":\"ImageObject\",\"inLanguage\":\"en-US\",\"@id\":\"https:\/\/aavperspective.com\/#\/schema\/logo\/image\/\",\"url\":\"https:\/\/aavperspective.com\/wp-content\/uploads\/2024\/02\/logo.png\",\"contentUrl\":\"https:\/\/aavperspective.com\/wp-content\/uploads\/2024\/02\/logo.png\",\"width\":5270,\"height\":2342,\"caption\":\"Anse-\u00e0-Veau Perspectives\"},\"image\":{\"@id\":\"https:\/\/aavperspective.com\/#\/schema\/logo\/image\/\"}}]}<\/script>\n<!-- \/ Yoast SEO plugin. -->","yoast_head_json":{"title":"AAVP | D\u00e9veloppement Communautaire et Projets Locaux","description":"Anse-\u00e0-Veau Perspectives (AAVP) : Promouvoir le d\u00e9veloppement et am\u00e9liorer la qualit\u00e9 de vie \u00e0 Anse-\u00e0-Veau et ses environs.","robots":{"index":"index","follow":"follow","max-snippet":"max-snippet:-1","max-image-preview":"max-image-preview:large","max-video-preview":"max-video-preview:-1"},"canonical":"https:\/\/aavperspective.com\/en\/contactez-nous\/","og_locale":"en_US","og_type":"article","og_title":"AAVP | D\u00e9veloppement Communautaire et Projets Locaux","og_description":"Anse-\u00e0-Veau Perspectives (AAVP) : Promouvoir le d\u00e9veloppement et am\u00e9liorer la qualit\u00e9 de vie \u00e0 Anse-\u00e0-Veau et ses environs.","og_url":"https:\/\/aavperspective.com\/en\/contactez-nous\/","og_site_name":"Anse-\u00e0-Veau Perspectives","article_modified_time":"2024-10-23T13:00:15+00:00","twitter_card":"summary_large_image","twitter_misc":{"Est. reading time":"1 minute"},"schema":{"@context":"https:\/\/schema.org","@graph":[{"@type":"WebPage","@id":"https:\/\/aavperspective.com\/contactez-nous\/","url":"https:\/\/aavperspective.com\/contactez-nous\/","name":"AAVP | D\u00e9veloppement Communautaire et Projets Locaux","isPartOf":{"@id":"https:\/\/aavperspective.com\/#website"},"datePublished":"2024-02-23T05:40:19+00:00","dateModified":"2024-10-23T13:00:15+00:00","description":"Anse-\u00e0-Veau Perspectives (AAVP) : Promouvoir le d\u00e9veloppement et am\u00e9liorer la qualit\u00e9 de vie \u00e0 Anse-\u00e0-Veau et ses environs.","breadcrumb":{"@id":"https:\/\/aavperspective.com\/contactez-nous\/#breadcrumb"},"inLanguage":"en-US","potentialAction":[{"@type":"ReadAction","target":["https:\/\/aavperspective.com\/contactez-nous\/"]}]},{"@type":"BreadcrumbList","@id":"https:\/\/aavperspective.com\/contactez-nous\/#breadcrumb","itemListElement":[{"@type":"ListItem","position":1,"name":"Accueil","item":"https:\/\/aavperspective.com\/"},{"@type":"ListItem","position":2,"name":"CONTACTEZ-NOUS"}]},{"@type":"WebSite","@id":"https:\/\/aavperspective.com\/#website","url":"https:\/\/aavperspective.com\/","name":"Anse-\u00e0-Veau Perspectives","description":"","publisher":{"@id":"https:\/\/aavperspective.com\/#organization"},"potentialAction":[{"@type":"SearchAction","target":{"@type":"EntryPoint","urlTemplate":"https:\/\/aavperspective.com\/?s={search_term_string}"},"query-input":{"@type":"PropertyValueSpecification","valueRequired":true,"valueName":"search_term_string"}}],"inLanguage":"en-US"},{"@type":"Organization","@id":"https:\/\/aavperspective.com\/#organization","name":"Anse-\u00e0-Veau Perspectives","url":"https:\/\/aavperspective.com\/","logo":{"@type":"ImageObject","inLanguage":"en-US","@id":"https:\/\/aavperspective.com\/#\/schema\/logo\/image\/","url":"https:\/\/aavperspective.com\/wp-content\/uploads\/2024\/02\/logo.png","contentUrl":"https:\/\/aavperspective.com\/wp-content\/uploads\/2024\/02\/logo.png","width":5270,"height":2342,"caption":"Anse-\u00e0-Veau Perspectives"},"image":{"@id":"https:\/\/aavperspective.com\/#\/schema\/logo\/image\/"}}]}},"_links":{"self":[{"href":"https:\/\/aavperspective.com\/en\/wp-json\/wp\/v2\/pages\/18","targetHints":{"allow":["GET"]}}],"collection":[{"href":"https:\/\/aavperspective.com\/en\/wp-json\/wp\/v2\/pages"}],"about":[{"href":"https:\/\/aavperspective.com\/en\/wp-json\/wp\/v2\/types\/page"}],"author":[{"embeddable":true,"href":"https:\/\/aavperspective.com\/en\/wp-json\/wp\/v2\/users\/1"}],"replies":[{"embeddable":true,"href":"https:\/\/aavperspective.com\/en\/wp-json\/wp\/v2\/comments?post=18"}],"version-history":[{"count":187,"href":"https:\/\/aavperspective.com\/en\/wp-json\/wp\/v2\/pages\/18\/revisions"}],"predecessor-version":[{"id":1450,"href":"https:\/\/aavperspective.com\/en\/wp-json\/wp\/v2\/pages\/18\/revisions\/1450"}],"wp:attachment":[{"href":"https:\/\/aavperspective.com\/en\/wp-json\/wp\/v2\/media?parent=18"}],"curies":[{"name":"wp","href":"https:\/\/api.w.org\/{rel}","templated":true}]}}