{"id":934,"date":"2024-08-29T17:08:48","date_gmt":"2024-08-29T15:08:48","guid":{"rendered":"https:\/\/aavperspective.com\/?page_id=934"},"modified":"2026-02-23T09:55:16","modified_gmt":"2026-02-23T14:55:16","slug":"faire-un-don","status":"publish","type":"page","link":"https:\/\/aavperspective.com\/en\/faire-un-don\/","title":{"rendered":"MAKE A DONATION"},"content":{"rendered":"\t\t<div data-elementor-type=\"wp-page\" data-elementor-id=\"934\" class=\"elementor elementor-934\" data-elementor-post-type=\"page\">\n\t\t\t\t\t\t<section class=\"elementor-section elementor-top-section elementor-element elementor-element-38c5716f elementor-section-stretched elementor-section-boxed elementor-section-height-default elementor-section-height-default\" data-id=\"38c5716f\" data-element_type=\"section\" data-e-type=\"section\" data-settings=\"{&quot;stretch_section&quot;:&quot;section-stretched&quot;,&quot;background_background&quot;:&quot;classic&quot;}\">\n\t\t\t\t\t\t\t<div class=\"elementor-background-overlay\"><\/div>\n\t\t\t\t\t\t\t<div class=\"elementor-container elementor-column-gap-default\">\n\t\t\t\t\t<div class=\"elementor-column elementor-col-50 elementor-top-column elementor-element elementor-element-c68add2\" data-id=\"c68add2\" data-element_type=\"column\" data-e-type=\"column\">\n\t\t\t<div class=\"elementor-widget-wrap elementor-element-populated\">\n\t\t\t\t\t\t<div class=\"elementor-element elementor-element-7f709381 elementor-invisible elementor-widget elementor-widget-heading\" data-id=\"7f709381\" data-element_type=\"widget\" data-e-type=\"widget\" data-settings=\"{&quot;_animation&quot;:&quot;fadeIn&quot;}\" data-widget_type=\"heading.default\">\n\t\t\t\t<div class=\"elementor-widget-container\">\n\t\t\t\t\t<h1 class=\"elementor-heading-title elementor-size-default\">Donations<\/h1>\t\t\t\t<\/div>\n\t\t\t\t<\/div>\n\t\t\t\t<div class=\"elementor-element elementor-element-6c437aa5 elementor-invisible elementor-widget elementor-widget-text-editor\" data-id=\"6c437aa5\" data-element_type=\"widget\" data-e-type=\"widget\" data-settings=\"{&quot;_animation&quot;:&quot;fadeIn&quot;}\" data-widget_type=\"text-editor.default\">\n\t\t\t\t<div class=\"elementor-widget-container\">\n\t\t\t\t\t\t\t\t\t<p>Votre don \u00e0 Anse-\u00e0-Veau Perspectives (AAVP) est crucial pour soutenir le d\u00e9veloppement durable et l&rsquo;autonomisation de notre communaut\u00e9, en construisant un avenir meilleur pour tous.<\/p>\t\t\t\t\t\t\t\t<\/div>\n\t\t\t\t<\/div>\n\t\t\t\t\t<\/div>\n\t\t<\/div>\n\t\t\t\t<div class=\"elementor-column elementor-col-50 elementor-top-column elementor-element elementor-element-37ff5452 elementor-invisible\" data-id=\"37ff5452\" data-element_type=\"column\" data-e-type=\"column\" data-settings=\"{&quot;background_background&quot;:&quot;classic&quot;,&quot;animation&quot;:&quot;fadeIn&quot;}\">\n\t\t\t<div class=\"elementor-widget-wrap elementor-element-populated\">\n\t\t\t\t\t<div class=\"elementor-background-overlay\"><\/div>\n\t\t\t\t\t\t<div class=\"elementor-element elementor-element-5133090a elementor-invisible elementor-widget elementor-widget-heading\" data-id=\"5133090a\" data-element_type=\"widget\" data-e-type=\"widget\" data-settings=\"{&quot;_animation&quot;:&quot;fadeIn&quot;}\" data-widget_type=\"heading.default\">\n\t\t\t\t<div class=\"elementor-widget-container\">\n\t\t\t\t\t<h2 class=\"elementor-heading-title elementor-size-default\">Faire un don \u00e0 Anse-\u00e0-Veau Perspectives (AAVP), c'est investir directement dans l'avenir et la dignit\u00e9 de notre communaut\u00e9.<\/h2>\t\t\t\t<\/div>\n\t\t\t\t<\/div>\n\t\t\t\t\t<\/div>\n\t\t<\/div>\n\t\t\t\t\t<\/div>\n\t\t<\/section>\n\t\t\t\t<section class=\"elementor-section elementor-top-section elementor-element elementor-element-c9d808d elementor-section-boxed elementor-section-height-default elementor-section-height-default\" data-id=\"c9d808d\" data-element_type=\"section\" data-e-type=\"section\">\n\t\t\t\t\t\t<div class=\"elementor-container elementor-column-gap-default\">\n\t\t\t\t\t<div class=\"elementor-column elementor-col-100 elementor-top-column elementor-element elementor-element-21ab3252\" data-id=\"21ab3252\" data-element_type=\"column\" data-e-type=\"column\">\n\t\t\t<div class=\"elementor-widget-wrap elementor-element-populated\">\n\t\t\t\t\t\t<div class=\"elementor-element elementor-element-6661672d elementor-invisible elementor-widget elementor-widget-heading\" data-id=\"6661672d\" data-element_type=\"widget\" data-e-type=\"widget\" data-settings=\"{&quot;_animation&quot;:&quot;fadeIn&quot;}\" data-widget_type=\"heading.default\">\n\t\t\t\t<div class=\"elementor-widget-container\">\n\t\t\t\t\t<h2 class=\"elementor-heading-title elementor-size-default\">Chaque geste compte<\/h2>\t\t\t\t<\/div>\n\t\t\t\t<\/div>\n\t\t\t\t<div class=\"elementor-element elementor-element-0d4d8f3 elementor-widget elementor-widget-shortcode\" data-id=\"0d4d8f3\" data-element_type=\"widget\" data-e-type=\"widget\" data-widget_type=\"shortcode.default\">\n\t\t\t\t<div class=\"elementor-widget-container\">\n\t\t\t\t\t\t\t<div class=\"elementor-shortcode\"><style id=\"wpforms-css-vars-1716\">\n\t\t\t\t#wpforms-1716 {\n\t\t\t\t--wpforms-container-padding: 0px;\n--wpforms-container-border-width: 1px;\n--wpforms-container-border-radius: 3px;\n--wpforms-background-color: rgba(0, 0, 0, 0);\n--wpforms-field-size-input-height: 43px;\n--wpforms-field-size-input-spacing: 15px;\n--wpforms-field-size-font-size: 16px;\n--wpforms-field-size-line-height: 19px;\n--wpforms-field-size-padding-h: 14px;\n--wpforms-field-size-checkbox-size: 16px;\n--wpforms-field-size-sublabel-spacing: 5px;\n--wpforms-field-size-icon-size: 1;\n--wpforms-label-size-font-size: 16px;\n--wpforms-label-size-line-height: 19px;\n--wpforms-label-size-sublabel-font-size: 14px;\n--wpforms-label-size-sublabel-line-height: 17px;\n--wpforms-button-size-font-size: 17px;\n--wpforms-button-size-height: 41px;\n--wpforms-button-size-padding-h: 15px;\n--wpforms-button-size-margin-top: 10px;\n--wpforms-container-shadow-size-box-shadow: none;\n\t\t\t}\n\t\t\t<\/style><div class=\"wpforms-container wpforms-container-full wpforms-stripe wpforms-render-modern\" id=\"wpforms-1716\"><form id=\"wpforms-form-1716\" class=\"wpforms-validate wpforms-form wpforms-ajax-form\" data-formid=\"1716\" method=\"post\" enctype=\"multipart\/form-data\" action=\"\/en\/wp-json\/wp\/v2\/pages\/934\" data-token=\"f14382bd6d14b66b8da4d9625092f0c6\" data-token-time=\"1776945672\"><noscript class=\"wpforms-error-noscript\">Please enable JavaScript in your browser to complete this form.<\/noscript><div id=\"wpforms-error-noscript\" style=\"display: none;\">Please enable JavaScript in your browser to complete this form.<\/div><div class=\"wpforms-field-container\"><div id=\"wpforms-1716-field_1-container\" class=\"wpforms-field wpforms-field-name\" data-field-id=\"1\"><fieldset><legend class=\"wpforms-field-label\">Votre nom <span class=\"wpforms-required-label\" aria-hidden=\"true\">*<\/span><\/legend><div class=\"wpforms-field-row wpforms-field-medium\"><div class=\"wpforms-field-row-block wpforms-first wpforms-one-half\"><input type=\"text\" id=\"wpforms-1716-field_1\" class=\"wpforms-field-name-first wpforms-field-required\" name=\"wpforms[fields][1][first]\" aria-errormessage=\"wpforms-1716-field_1-error\" required><label for=\"wpforms-1716-field_1\" class=\"wpforms-field-sublabel after\">First<\/label><\/div><div class=\"wpforms-field-row-block wpforms-one-half\"><input type=\"text\" id=\"wpforms-1716-field_1-last\" class=\"wpforms-field-name-last wpforms-field-required\" name=\"wpforms[fields][1][last]\" aria-errormessage=\"wpforms-1716-field_1-last-error\" required><label for=\"wpforms-1716-field_1-last\" class=\"wpforms-field-sublabel after\">Last<\/label><\/div><\/div><\/fieldset><\/div><div id=\"wpforms-1716-field_2-container\" class=\"wpforms-field wpforms-field-email\" data-field-id=\"2\"><label class=\"wpforms-field-label\" for=\"wpforms-1716-field_2\">Email <span class=\"wpforms-required-label\" aria-hidden=\"true\">*<\/span><\/label><input type=\"email\" id=\"wpforms-1716-field_2\" class=\"wpforms-field-medium wpforms-field-required\" name=\"wpforms[fields][2]\" spellcheck=\"false\" aria-errormessage=\"wpforms-1716-field_2-error\" required><\/div><div id=\"wpforms-1716-field_3-container\" class=\"wpforms-field wpforms-field-payment-single\" data-field-id=\"3\"><label class=\"wpforms-field-label\" for=\"wpforms-1716-field_3\">Montant du don <span class=\"wpforms-required-label\" aria-hidden=\"true\">*<\/span><\/label><input type=\"text\" id=\"wpforms-1716-field_3\" class=\"wpforms-field-medium wpforms-field-required wpforms-payment-user-input wpforms-payment-price\" data-rule-currency=\"[&quot;$&quot;,false]\" data-rule-required-positive-number=\"1\" name=\"wpforms[fields][3]\" value=\"&#036;15.00\" aria-errormessage=\"wpforms-1716-field_3-error\"><\/div><div id=\"wpforms-1716-field_4-container\" class=\"wpforms-field wpforms-field-textarea\" data-field-id=\"4\"><label class=\"wpforms-field-label\" for=\"wpforms-1716-field_4\">Message du donateur <span class=\"wpforms-required-label\" aria-hidden=\"true\">*<\/span><\/label><textarea id=\"wpforms-1716-field_4\" class=\"wpforms-field-medium wpforms-field-required\" name=\"wpforms[fields][4]\" aria-errormessage=\"wpforms-1716-field_4-error\" required><\/textarea><\/div>\t\t<div id=\"wpforms-1716-field_6-container\"\n\t\t\tclass=\"wpforms-field wpforms-field-text\"\n\t\t\tdata-field-type=\"text\"\n\t\t\tdata-field-id=\"6\"\n\t\t\t>\n\t\t\t<label class=\"wpforms-field-label\" for=\"wpforms-1716-field_6\" >du Email Montant<\/label>\n\t\t\t<input type=\"text\" id=\"wpforms-1716-field_6\" class=\"wpforms-field-medium\" name=\"wpforms[fields][6]\" >\n\t\t<\/div>\n\t\t<div id=\"wpforms-1716-field_5-container\" class=\"wpforms-field wpforms-field-stripe-credit-card\" data-field-id=\"5\"><label class=\"wpforms-field-label\">Carte bancaire Stripe <span class=\"wpforms-required-label\" aria-hidden=\"true\">*<\/span><\/label><div class=\"wpforms-field-row wpforms-no-columns wpforms-field-medium \" data-sublabel-position=\"above\" data-link-email=\"\" data-required=\"1\"><div id=\"wpforms-field-stripe-link-element-1716\"><\/div><div id=\"wpforms-field-stripe-payment-element-1716\"><\/div><input type=\"text\" class=\"wpforms-stripe-credit-card-hidden-input\" name=\"wpforms[stripe-credit-card-hidden-input-1716]\" disabled style=\"display: none;\"><\/div><\/div><script>\n\t\t\t\t( function() {\n\t\t\t\t\tconst style = document.createElement( 'style' );\n\t\t\t\t\tstyle.appendChild( document.createTextNode( '#wpforms-1716-field_6-container { position: absolute !important; overflow: hidden !important; display: inline !important; height: 1px !important; width: 1px !important; z-index: -1000 !important; padding: 0 !important; } #wpforms-1716-field_6-container input { visibility: hidden; } #wpforms-conversational-form-page #wpforms-1716-field_6-container label { counter-increment: none; }' ) );\n\t\t\t\t\tdocument.head.appendChild( style );\n\t\t\t\t\tdocument.currentScript?.remove();\n\t\t\t\t} )();\n\t\t\t<\/script><\/div><!-- .wpforms-field-container --><div class=\"wpforms-recaptcha-container wpforms-is-recaptcha wpforms-is-recaptcha-type-v3\" ><input type=\"hidden\" name=\"wpforms[recaptcha]\" value=\"\"><\/div><div class=\"wpforms-submit-container\" ><input type=\"hidden\" name=\"wpforms[id]\" value=\"1716\"><input type=\"hidden\" name=\"page_title\" value=\"\"><input type=\"hidden\" name=\"page_url\" value=\"https:\/\/aavperspective.com\/en\/wp-json\/wp\/v2\/pages\/934\"><input type=\"hidden\" name=\"url_referer\" value=\"\"><button type=\"submit\" name=\"wpforms[submit]\" id=\"wpforms-submit-1716\" class=\"wpforms-submit\" data-alt-text=\"Envoi...\" data-submit-text=\"Soumettre\" aria-live=\"assertive\" value=\"wpforms-submit\">Soumettre<\/button><img decoding=\"async\" src=\"https:\/\/aavperspective.com\/wp-content\/plugins\/wpforms-lite\/assets\/images\/submit-spin.svg\" class=\"wpforms-submit-spinner\" style=\"display: none;\" width=\"26\" height=\"26\" alt=\"Loading\"><\/div><\/form><\/div>  <!-- .wpforms-container --><\/div>\n\t\t\t\t\t\t<\/div>\n\t\t\t\t<\/div>\n\t\t\t\t\t<\/div>\n\t\t<\/div>\n\t\t\t\t\t<\/div>\n\t\t<\/section>\n\t\t\t\t<section class=\"elementor-section elementor-top-section elementor-element elementor-element-54ba17ea elementor-section-boxed elementor-section-height-default elementor-section-height-default\" data-id=\"54ba17ea\" data-element_type=\"section\" data-e-type=\"section\">\n\t\t\t\t\t\t<div class=\"elementor-container elementor-column-gap-default\">\n\t\t\t\t\t<div class=\"elementor-column elementor-col-100 elementor-top-column elementor-element elementor-element-68786c9c elementor-invisible\" data-id=\"68786c9c\" data-element_type=\"column\" data-e-type=\"column\" data-settings=\"{&quot;animation&quot;:&quot;fadeIn&quot;}\">\n\t\t\t<div class=\"elementor-widget-wrap elementor-element-populated\">\n\t\t\t\t\t<div class=\"elementor-background-overlay\"><\/div>\n\t\t\t\t\t\t<div class=\"elementor-element elementor-element-20a56bc0 elementor-invisible elementor-widget elementor-widget-heading\" data-id=\"20a56bc0\" data-element_type=\"widget\" data-e-type=\"widget\" data-settings=\"{&quot;_animation&quot;:&quot;fadeIn&quot;}\" data-widget_type=\"heading.default\">\n\t\t\t\t<div class=\"elementor-widget-container\">\n\t\t\t\t\t<h2 class=\"elementor-heading-title elementor-size-default\">Votre don est plus qu'une contribution financi\u00e8re, c'est un acte de solidarit\u00e9 qui nous permet de poursuivre nos actions. Chaque geste compte et nous rapproche un peu plus de nos objectifs communs. En choisissant de nous soutenir, vous devenez un partenaire essentiel de notre mission. Ensemble, nous pouvons cr\u00e9er un impact durable et positif.<\/h2>\t\t\t\t<\/div>\n\t\t\t\t<\/div>\n\t\t\t\t<div class=\"elementor-element elementor-element-987008f elementor-invisible elementor-widget elementor-widget-text-editor\" data-id=\"987008f\" data-element_type=\"widget\" data-e-type=\"widget\" data-settings=\"{&quot;_animation&quot;:&quot;fadeIn&quot;}\" data-widget_type=\"text-editor.default\">\n\t\t\t\t<div class=\"elementor-widget-container\">\n\t\t\t\t\t\t\t\t\t<p>Max Jewell<\/p>\t\t\t\t\t\t\t\t<\/div>\n\t\t\t\t<\/div>\n\t\t\t\t\t<\/div>\n\t\t<\/div>\n\t\t\t\t\t<\/div>\n\t\t<\/section>\n\t\t\t\t<\/div>\n\t\t","protected":false},"excerpt":{"rendered":"<p>Donations Votre don \u00e0 Anse-\u00e0-Veau Perspectives (AAVP) est crucial pour soutenir le d\u00e9veloppement durable et l&rsquo;autonomisation de notre communaut\u00e9, en construisant un avenir meilleur pour tous. Faire un don \u00e0 Anse-\u00e0-Veau Perspectives (AAVP), c&rsquo;est investir directement dans l&rsquo;avenir et la dignit\u00e9 de notre communaut\u00e9. Chaque geste compte Votre don est plus qu&rsquo;une contribution financi\u00e8re, c&rsquo;est [&hellip;]<\/p>\n","protected":false},"author":1,"featured_media":0,"parent":0,"menu_order":0,"comment_status":"closed","ping_status":"closed","template":"","meta":{"footnotes":""},"class_list":["post-934","page","type-page","status-publish","hentry"],"yoast_head":"<!-- This site is optimized with the Yoast SEO plugin v27.1.1 - https:\/\/yoast.com\/product\/yoast-seo-wordpress\/ -->\n<title>Faire un don - Anse-\u00e0-Veau Perspectives<\/title>\n<meta name=\"robots\" content=\"index, follow, max-snippet:-1, max-image-preview:large, max-video-preview:-1\" \/>\n<link rel=\"canonical\" href=\"https:\/\/aavperspective.com\/en\/faire-un-don\/\" \/>\n<meta property=\"og:locale\" content=\"en_US\" \/>\n<meta property=\"og:type\" content=\"article\" \/>\n<meta property=\"og:title\" content=\"Faire un don - Anse-\u00e0-Veau Perspectives\" \/>\n<meta property=\"og:description\" content=\"Donations Votre don \u00e0 Anse-\u00e0-Veau Perspectives (AAVP) est crucial pour soutenir le d\u00e9veloppement durable et l&rsquo;autonomisation de notre communaut\u00e9, en construisant un avenir meilleur pour tous. Faire un don \u00e0 Anse-\u00e0-Veau Perspectives (AAVP), c&rsquo;est investir directement dans l&rsquo;avenir et la dignit\u00e9 de notre communaut\u00e9. Chaque geste compte Votre don est plus qu&rsquo;une contribution financi\u00e8re, c&rsquo;est [&hellip;]\" \/>\n<meta property=\"og:url\" content=\"https:\/\/aavperspective.com\/en\/faire-un-don\/\" \/>\n<meta property=\"og:site_name\" content=\"Anse-\u00e0-Veau Perspectives\" \/>\n<meta property=\"article:modified_time\" content=\"2026-02-23T14:55:16+00:00\" \/>\n<meta name=\"twitter:card\" content=\"summary_large_image\" \/>\n<meta name=\"twitter:label1\" content=\"Est. reading time\" \/>\n\t<meta name=\"twitter:data1\" content=\"1 minute\" \/>\n<script type=\"application\/ld+json\" class=\"yoast-schema-graph\">{\"@context\":\"https:\/\/schema.org\",\"@graph\":[{\"@type\":\"WebPage\",\"@id\":\"https:\/\/aavperspective.com\/faire-un-don\/\",\"url\":\"https:\/\/aavperspective.com\/faire-un-don\/\",\"name\":\"Faire un don - Anse-\u00e0-Veau Perspectives\",\"isPartOf\":{\"@id\":\"https:\/\/aavperspective.com\/#website\"},\"datePublished\":\"2024-08-29T15:08:48+00:00\",\"dateModified\":\"2026-02-23T14:55:16+00:00\",\"breadcrumb\":{\"@id\":\"https:\/\/aavperspective.com\/faire-un-don\/#breadcrumb\"},\"inLanguage\":\"en-US\",\"potentialAction\":[{\"@type\":\"ReadAction\",\"target\":[\"https:\/\/aavperspective.com\/faire-un-don\/\"]}]},{\"@type\":\"BreadcrumbList\",\"@id\":\"https:\/\/aavperspective.com\/faire-un-don\/#breadcrumb\",\"itemListElement\":[{\"@type\":\"ListItem\",\"position\":1,\"name\":\"Accueil\",\"item\":\"https:\/\/aavperspective.com\/\"},{\"@type\":\"ListItem\",\"position\":2,\"name\":\"Faire un don\"}]},{\"@type\":\"WebSite\",\"@id\":\"https:\/\/aavperspective.com\/#website\",\"url\":\"https:\/\/aavperspective.com\/\",\"name\":\"Anse-\u00e0-Veau Perspectives\",\"description\":\"\",\"publisher\":{\"@id\":\"https:\/\/aavperspective.com\/#organization\"},\"potentialAction\":[{\"@type\":\"SearchAction\",\"target\":{\"@type\":\"EntryPoint\",\"urlTemplate\":\"https:\/\/aavperspective.com\/?s={search_term_string}\"},\"query-input\":{\"@type\":\"PropertyValueSpecification\",\"valueRequired\":true,\"valueName\":\"search_term_string\"}}],\"inLanguage\":\"en-US\"},{\"@type\":\"Organization\",\"@id\":\"https:\/\/aavperspective.com\/#organization\",\"name\":\"Anse-\u00e0-Veau Perspectives\",\"url\":\"https:\/\/aavperspective.com\/\",\"logo\":{\"@type\":\"ImageObject\",\"inLanguage\":\"en-US\",\"@id\":\"https:\/\/aavperspective.com\/#\/schema\/logo\/image\/\",\"url\":\"https:\/\/aavperspective.com\/wp-content\/uploads\/2024\/02\/logo.png\",\"contentUrl\":\"https:\/\/aavperspective.com\/wp-content\/uploads\/2024\/02\/logo.png\",\"width\":5270,\"height\":2342,\"caption\":\"Anse-\u00e0-Veau Perspectives\"},\"image\":{\"@id\":\"https:\/\/aavperspective.com\/#\/schema\/logo\/image\/\"}}]}<\/script>\n<!-- \/ Yoast SEO plugin. -->","yoast_head_json":{"title":"Faire un don - Anse-\u00e0-Veau Perspectives","robots":{"index":"index","follow":"follow","max-snippet":"max-snippet:-1","max-image-preview":"max-image-preview:large","max-video-preview":"max-video-preview:-1"},"canonical":"https:\/\/aavperspective.com\/en\/faire-un-don\/","og_locale":"en_US","og_type":"article","og_title":"Faire un don - Anse-\u00e0-Veau Perspectives","og_description":"Donations Votre don \u00e0 Anse-\u00e0-Veau Perspectives (AAVP) est crucial pour soutenir le d\u00e9veloppement durable et l&rsquo;autonomisation de notre communaut\u00e9, en construisant un avenir meilleur pour tous. Faire un don \u00e0 Anse-\u00e0-Veau Perspectives (AAVP), c&rsquo;est investir directement dans l&rsquo;avenir et la dignit\u00e9 de notre communaut\u00e9. Chaque geste compte Votre don est plus qu&rsquo;une contribution financi\u00e8re, c&rsquo;est [&hellip;]","og_url":"https:\/\/aavperspective.com\/en\/faire-un-don\/","og_site_name":"Anse-\u00e0-Veau Perspectives","article_modified_time":"2026-02-23T14:55:16+00:00","twitter_card":"summary_large_image","twitter_misc":{"Est. reading time":"1 minute"},"schema":{"@context":"https:\/\/schema.org","@graph":[{"@type":"WebPage","@id":"https:\/\/aavperspective.com\/faire-un-don\/","url":"https:\/\/aavperspective.com\/faire-un-don\/","name":"Faire un don - Anse-\u00e0-Veau Perspectives","isPartOf":{"@id":"https:\/\/aavperspective.com\/#website"},"datePublished":"2024-08-29T15:08:48+00:00","dateModified":"2026-02-23T14:55:16+00:00","breadcrumb":{"@id":"https:\/\/aavperspective.com\/faire-un-don\/#breadcrumb"},"inLanguage":"en-US","potentialAction":[{"@type":"ReadAction","target":["https:\/\/aavperspective.com\/faire-un-don\/"]}]},{"@type":"BreadcrumbList","@id":"https:\/\/aavperspective.com\/faire-un-don\/#breadcrumb","itemListElement":[{"@type":"ListItem","position":1,"name":"Accueil","item":"https:\/\/aavperspective.com\/"},{"@type":"ListItem","position":2,"name":"Faire un don"}]},{"@type":"WebSite","@id":"https:\/\/aavperspective.com\/#website","url":"https:\/\/aavperspective.com\/","name":"Anse-\u00e0-Veau Perspectives","description":"","publisher":{"@id":"https:\/\/aavperspective.com\/#organization"},"potentialAction":[{"@type":"SearchAction","target":{"@type":"EntryPoint","urlTemplate":"https:\/\/aavperspective.com\/?s={search_term_string}"},"query-input":{"@type":"PropertyValueSpecification","valueRequired":true,"valueName":"search_term_string"}}],"inLanguage":"en-US"},{"@type":"Organization","@id":"https:\/\/aavperspective.com\/#organization","name":"Anse-\u00e0-Veau Perspectives","url":"https:\/\/aavperspective.com\/","logo":{"@type":"ImageObject","inLanguage":"en-US","@id":"https:\/\/aavperspective.com\/#\/schema\/logo\/image\/","url":"https:\/\/aavperspective.com\/wp-content\/uploads\/2024\/02\/logo.png","contentUrl":"https:\/\/aavperspective.com\/wp-content\/uploads\/2024\/02\/logo.png","width":5270,"height":2342,"caption":"Anse-\u00e0-Veau Perspectives"},"image":{"@id":"https:\/\/aavperspective.com\/#\/schema\/logo\/image\/"}}]}},"_links":{"self":[{"href":"https:\/\/aavperspective.com\/en\/wp-json\/wp\/v2\/pages\/934","targetHints":{"allow":["GET"]}}],"collection":[{"href":"https:\/\/aavperspective.com\/en\/wp-json\/wp\/v2\/pages"}],"about":[{"href":"https:\/\/aavperspective.com\/en\/wp-json\/wp\/v2\/types\/page"}],"author":[{"embeddable":true,"href":"https:\/\/aavperspective.com\/en\/wp-json\/wp\/v2\/users\/1"}],"replies":[{"embeddable":true,"href":"https:\/\/aavperspective.com\/en\/wp-json\/wp\/v2\/comments?post=934"}],"version-history":[{"count":46,"href":"https:\/\/aavperspective.com\/en\/wp-json\/wp\/v2\/pages\/934\/revisions"}],"predecessor-version":[{"id":1723,"href":"https:\/\/aavperspective.com\/en\/wp-json\/wp\/v2\/pages\/934\/revisions\/1723"}],"wp:attachment":[{"href":"https:\/\/aavperspective.com\/en\/wp-json\/wp\/v2\/media?parent=934"}],"curies":[{"name":"wp","href":"https:\/\/api.w.org\/{rel}","templated":true}]}}